{"id":8321,"date":"2024-10-28T07:57:55","date_gmt":"2024-10-28T07:57:55","guid":{"rendered":"https:\/\/diagrama.pt\/?page_id=8321"},"modified":"2024-10-28T08:14:22","modified_gmt":"2024-10-28T08:14:22","slug":"publicacao-2-quais-sao-os-seus-maiores-desafios-na-gestao-de-cadeias-de-abastecimento","status":"publish","type":"page","link":"https:\/\/diagrama.pt\/en\/publicacao-2-quais-sao-os-seus-maiores-desafios-na-gestao-de-cadeias-de-abastecimento\/","title":{"rendered":"Publication 2 \u2013 What are your biggest challenges in Supply Chain Management?"},"content":{"rendered":"<div data-elementor-type=\"wp-page\" data-elementor-id=\"8321\" class=\"elementor elementor-8321\" data-elementor-post-type=\"page\">\n\t\t\t\t\t\t<section class=\"elementor-section elementor-top-section elementor-element elementor-element-63cab091 elementor-section-height-min-height elementor-section-boxed elementor-section-height-default elementor-section-items-middle\" data-id=\"63cab091\" data-element_type=\"section\" data-settings=\"{&quot;background_background&quot;:&quot;classic&quot;,&quot;ekit_has_onepagescroll_dot&quot;:&quot;yes&quot;}\">\n\t\t\t\t\t\t\t<div class=\"elementor-background-overlay\"><\/div>\n\t\t\t\t\t\t\t<div class=\"elementor-container elementor-column-gap-default\">\n\t\t\t\t\t<div class=\"elementor-column elementor-col-100 elementor-top-column elementor-element elementor-element-ac8574b\" data-id=\"ac8574b\" data-element_type=\"column\">\n\t\t\t<div class=\"elementor-widget-wrap elementor-element-populated\">\n\t\t\t\t\t\t<div class=\"elementor-element elementor-element-a681dd0 elementor-widget elementor-widget-elementskit-heading\" data-id=\"a681dd0\" data-element_type=\"widget\" data-settings=\"{&quot;ekit_we_effect_on&quot;:&quot;none&quot;}\" data-widget_type=\"elementskit-heading.default\">\n\t\t\t\t<div class=\"elementor-widget-container\">\n\t\t\t\t\t<div class=\"ekit-wid-con\" ><div class=\"ekit-heading elementskit-section-title-wraper text_center   ekit_heading_tablet-   ekit_heading_mobile-\"><h1 class=\"ekit-heading--title elementskit-section-title\">Publication 2 \u2013 What are your biggest challenges in Supply Chain Management?<\/h1><\/div><\/div>\t\t\t\t<\/div>\n\t\t\t\t<\/div>\n\t\t\t\t\t<\/div>\n\t\t<\/div>\n\t\t\t\t\t<\/div>\n\t\t<\/section>\n\t\t\t\t<section class=\"elementor-section elementor-top-section elementor-element elementor-element-6dbd340 elementor-section-boxed elementor-section-height-default elementor-section-height-default\" data-id=\"6dbd340\" data-element_type=\"section\" data-settings=\"{&quot;ekit_has_onepagescroll_dot&quot;:&quot;yes&quot;}\">\n\t\t\t\t\t\t<div class=\"elementor-container elementor-column-gap-default\">\n\t\t\t\t\t<div class=\"elementor-column elementor-col-100 elementor-top-column elementor-element elementor-element-9c47a00\" data-id=\"9c47a00\" data-element_type=\"column\">\n\t\t\t<div class=\"elementor-widget-wrap\">\n\t\t\t\t\t\t\t<\/div>\n\t\t<\/div>\n\t\t\t\t\t<\/div>\n\t\t<\/section>\n\t\t\t\t<section class=\"elementor-section elementor-top-section elementor-element elementor-element-a498970 elementor-section-boxed elementor-section-height-default elementor-section-height-default\" data-id=\"a498970\" data-element_type=\"section\" data-settings=\"{&quot;ekit_has_onepagescroll_dot&quot;:&quot;yes&quot;}\">\n\t\t\t\t\t\t<div class=\"elementor-container elementor-column-gap-default\">\n\t\t\t\t\t<div class=\"elementor-column elementor-col-50 elementor-top-column elementor-element elementor-element-a8452f2\" data-id=\"a8452f2\" data-element_type=\"column\">\n\t\t\t<div class=\"elementor-widget-wrap elementor-element-populated\">\n\t\t\t\t\t\t<div class=\"elementor-element elementor-element-bfcfd56 elementor-widget__width-initial elementor-widget elementor-widget-text-editor\" data-id=\"bfcfd56\" data-element_type=\"widget\" data-settings=\"{&quot;ekit_we_effect_on&quot;:&quot;none&quot;}\" data-widget_type=\"text-editor.default\">\n\t\t\t\t<div class=\"elementor-widget-container\">\n\t\t\t\t\t\t\t\t\t<p><strong>Publication 2 \u2013 What are your biggest challenges in Supply Chain Management? <\/strong><\/p><p>Supply Chain Management is one of the fundamental pillars for the operational and strategic success of companies. However, this complex process faces numerous challenges that, if not properly managed, can compromise the efficiency and competitiveness of the business. Let's explore some of the biggest challenges in supply chain management and how your company can overcome them.<\/p>\t\t\t\t\t\t\t\t<\/div>\n\t\t\t\t<\/div>\n\t\t\t\t\t<\/div>\n\t\t<\/div>\n\t\t\t\t<div class=\"elementor-column elementor-col-50 elementor-top-column elementor-element elementor-element-2b191c7\" data-id=\"2b191c7\" data-element_type=\"column\">\n\t\t\t<div class=\"elementor-widget-wrap elementor-element-populated\">\n\t\t\t\t\t\t<div class=\"elementor-element elementor-element-5160f98 elementor-widget elementor-widget-image\" data-id=\"5160f98\" data-element_type=\"widget\" data-settings=\"{&quot;ekit_we_effect_on&quot;:&quot;none&quot;}\" data-widget_type=\"image.default\">\n\t\t\t\t<div class=\"elementor-widget-container\">\n\t\t\t\t\t\t\t\t\t\t\t\t\t\t\t<img fetchpriority=\"high\" decoding=\"async\" width=\"458\" height=\"469\" src=\"https:\/\/diagrama.pt\/wp-content\/uploads\/2022\/09\/service2.png\" class=\"attachment-large size-large wp-image-879\" alt=\"\" \/>\t\t\t\t\t\t\t\t\t\t\t\t\t\t\t<\/div>\n\t\t\t\t<\/div>\n\t\t\t\t\t<\/div>\n\t\t<\/div>\n\t\t\t\t\t<\/div>\n\t\t<\/section>\n\t\t\t\t<section class=\"elementor-section elementor-top-section elementor-element elementor-element-430ca67 elementor-section-boxed elementor-section-height-default elementor-section-height-default\" data-id=\"430ca67\" data-element_type=\"section\" data-settings=\"{&quot;ekit_has_onepagescroll_dot&quot;:&quot;yes&quot;}\">\n\t\t\t\t\t\t<div class=\"elementor-container elementor-column-gap-default\">\n\t\t\t\t\t<div class=\"elementor-column elementor-col-100 elementor-top-column elementor-element elementor-element-d9c2f19\" data-id=\"d9c2f19\" data-element_type=\"column\">\n\t\t\t<div class=\"elementor-widget-wrap\">\n\t\t\t\t\t\t\t<\/div>\n\t\t<\/div>\n\t\t\t\t\t<\/div>\n\t\t<\/section>\n\t\t\t\t<section class=\"elementor-section elementor-top-section elementor-element elementor-element-99d5232 elementor-section-boxed elementor-section-height-default elementor-section-height-default\" data-id=\"99d5232\" data-element_type=\"section\" data-settings=\"{&quot;ekit_has_onepagescroll_dot&quot;:&quot;yes&quot;}\">\n\t\t\t\t\t\t<div class=\"elementor-container elementor-column-gap-default\">\n\t\t\t\t\t<div class=\"elementor-column elementor-col-100 elementor-top-column elementor-element elementor-element-899ac12\" data-id=\"899ac12\" data-element_type=\"column\">\n\t\t\t<div class=\"elementor-widget-wrap elementor-element-populated\">\n\t\t\t\t\t\t<div class=\"elementor-element elementor-element-b5ffecd elementor-widget elementor-widget-text-editor\" data-id=\"b5ffecd\" data-element_type=\"widget\" data-settings=\"{&quot;ekit_we_effect_on&quot;:&quot;none&quot;}\" data-widget_type=\"text-editor.default\">\n\t\t\t\t<div class=\"elementor-widget-container\">\n\t\t\t\t\t\t\t\t\t<ul><li><strong>Stock Management<\/strong>: Maintaining the balance between excess and lack of stock is a constant challenge. Excess inventory can result in high shipping costs. <br \/>storage and deterioration of products, while lack of stock can cause stockouts and lost sales. Implementing efficient stock management systems and using demand forecasting tools are essential to solving this problem. If you are interested in finding out more about this topic, see our last publication where we talk about the concept of JIT (Just in Time).<\/li><li><strong>Supplier Selection<\/strong>: Finding and maintaining partnerships with reliable suppliers is crucial to ensuring the quality and punctuality of deliveries. The constant evaluation of suppliers, based on performance criteria and innovation capacity, helps maintain a robust and efficient supply chain.<\/li><li><strong>Process Integration<\/strong>: Lack of integration between different supply chain processes and systems can lead to miscommunication and operational inefficiencies. The adoption of advanced technologies, such as ERP (Enterprise Resource Planning) systems, facilitates coordination and visibility throughout the entire supply chain. Of course, implementing an ERP is expensive and may not make sense for all companies, which is why our service is a market necessity.<\/li><li><strong>Risks and Uncertainties:<\/strong> Market volatility, economic fluctuations and natural disasters are factors that can negatively impact the supply chain. Developing risk mitigation strategies and establishing contingency plans are important steps to minimize adverse impacts.<\/li><li><strong>Sustainability:<\/strong> Increasingly, companies are pressured to adopt sustainable practices. Ensuring that the entire supply chain complies with environmental and social standards requires rigorous monitoring and commitment from all parties involved. The easiest option would be to assign this specific role to an employee, as failure to comply with environmental regulations could lead to high fines.<\/li><li><strong>Information Management:<\/strong> Information overload and the lack of accurate and up-to-date data can make decision-making difficult. Investing in information management systems that enable real-time data collection, analysis and dissemination is crucial to supply chain efficiency.<\/li><\/ul>\t\t\t\t\t\t\t\t<\/div>\n\t\t\t\t<\/div>\n\t\t\t\t\t<\/div>\n\t\t<\/div>\n\t\t\t\t\t<\/div>\n\t\t<\/section>\n\t\t\t\t<section class=\"elementor-section elementor-top-section elementor-element elementor-element-4a638ee elementor-section-boxed elementor-section-height-default elementor-section-height-default\" data-id=\"4a638ee\" data-element_type=\"section\" data-settings=\"{&quot;ekit_has_onepagescroll_dot&quot;:&quot;yes&quot;}\">\n\t\t\t\t\t\t<div class=\"elementor-container elementor-column-gap-default\">\n\t\t\t\t\t<div class=\"elementor-column elementor-col-100 elementor-top-column elementor-element elementor-element-c5ee267\" data-id=\"c5ee267\" data-element_type=\"column\">\n\t\t\t<div class=\"elementor-widget-wrap\">\n\t\t\t\t\t\t\t<\/div>\n\t\t<\/div>\n\t\t\t\t\t<\/div>\n\t\t<\/section>\n\t\t\t\t<section class=\"elementor-section elementor-top-section elementor-element elementor-element-f20a073 elementor-section-boxed elementor-section-height-default elementor-section-height-default\" data-id=\"f20a073\" data-element_type=\"section\" data-settings=\"{&quot;ekit_has_onepagescroll_dot&quot;:&quot;yes&quot;}\">\n\t\t\t\t\t\t<div class=\"elementor-container elementor-column-gap-default\">\n\t\t\t\t\t<div class=\"elementor-column elementor-col-100 elementor-top-column elementor-element elementor-element-2abe009\" data-id=\"2abe009\" data-element_type=\"column\">\n\t\t\t<div class=\"elementor-widget-wrap elementor-element-populated\">\n\t\t\t\t\t\t<div class=\"elementor-element elementor-element-273f25f elementor-widget elementor-widget-text-editor\" data-id=\"273f25f\" data-element_type=\"widget\" data-settings=\"{&quot;ekit_we_effect_on&quot;:&quot;none&quot;}\" data-widget_type=\"text-editor.default\">\n\t\t\t\t<div class=\"elementor-widget-container\">\n\t\t\t\t\t\t\t\t\t<p>Overcoming these challenges in supply chain management is vital to maintaining long-term competitiveness and sustainability. At Diagrama \u2013 Engenharia de Gest\u00e3o, we offer personalized solutions to help your company face these obstacles and optimize your supply chain. <br \/>hashtag#Diagrama hashtag#EngenhariadeGest\u00e3o hashtag#Gest\u00e3odeCadeiasdeAbastecimento <br \/>hashtag#Logistics hashtag#Operational Efficiency hashtag#Sustainability hashtag#Innovation <br \/>hashtag#StockManagement hashtag#SupplierSelection hashtag#Technology<\/p>\t\t\t\t\t\t\t\t<\/div>\n\t\t\t\t<\/div>\n\t\t\t\t\t<\/div>\n\t\t<\/div>\n\t\t\t\t\t<\/div>\n\t\t<\/section>\n\t\t\t\t<\/div>","protected":false},"excerpt":{"rendered":"<p>Publica\u00e7\u00e3o 2 \u2013 Quais s\u00e3o os seus maiores desafios na Gest\u00e3o de Cadeias de Abastecimento? Publica\u00e7\u00e3o 2 \u2013 Quais s\u00e3o os seus maiores desafios na Gest\u00e3o de Cadeias de Abastecimento? A Gest\u00e3o de Cadeias de Abastecimento \u00e9 um dos pilares fundamentais para o sucesso operacional e estrat\u00e9gico das empresas. Contudo, este processo complexo enfrenta in\u00fameros [&hellip;]<\/p>","protected":false},"author":1,"featured_media":0,"parent":0,"menu_order":0,"comment_status":"closed","ping_status":"closed","template":"elementor_header_footer","meta":{"_monsterinsights_skip_tracking":false,"_monsterinsights_sitenote_active":false,"_monsterinsights_sitenote_note":"","_monsterinsights_sitenote_category":0,"footnotes":""},"class_list":["post-8321","page","type-page","status-publish","hentry"],"aioseo_notices":[],"_links":{"self":[{"href":"https:\/\/diagrama.pt\/en\/wp-json\/wp\/v2\/pages\/8321","targetHints":{"allow":["GET"]}}],"collection":[{"href":"https:\/\/diagrama.pt\/en\/wp-json\/wp\/v2\/pages"}],"about":[{"href":"https:\/\/diagrama.pt\/en\/wp-json\/wp\/v2\/types\/page"}],"author":[{"embeddable":true,"href":"https:\/\/diagrama.pt\/en\/wp-json\/wp\/v2\/users\/1"}],"replies":[{"embeddable":true,"href":"https:\/\/diagrama.pt\/en\/wp-json\/wp\/v2\/comments?post=8321"}],"version-history":[{"count":11,"href":"https:\/\/diagrama.pt\/en\/wp-json\/wp\/v2\/pages\/8321\/revisions"}],"predecessor-version":[{"id":8400,"href":"https:\/\/diagrama.pt\/en\/wp-json\/wp\/v2\/pages\/8321\/revisions\/8400"}],"wp:attachment":[{"href":"https:\/\/diagrama.pt\/en\/wp-json\/wp\/v2\/media?parent=8321"}],"curies":[{"name":"wp","href":"https:\/\/api.w.org\/{rel}","templated":true}]}}